{"id":212780,"date":"2021-02-17T14:49:46","date_gmt":"2021-02-17T14:49:46","guid":{"rendered":"http:\/\/amorsen.org\/?page_id=212780"},"modified":"2021-11-12T12:27:59","modified_gmt":"2021-11-12T12:27:59","slug":"parterapi","status":"publish","type":"page","link":"https:\/\/amorsen.org\/index.php\/parterapi\/","title":{"rendered":"Parterapi"},"content":{"rendered":"<p>[et_pb_section fb_built=&#8221;1&#8243; _builder_version=&#8221;4.6.6&#8243; background_image=&#8221;https:\/\/amorsen.org\/wp-content\/uploads\/2021\/02\/beautiful-landscape-view-of-mountain-village-ASMJUTX-1.jpg&#8221; custom_margin=&#8221;0px|0px|0px|0px|false|false&#8221; custom_padding=&#8221;5%|0px|5%|0px|true|false&#8221;][et_pb_row _builder_version=&#8221;4.6.6&#8243; _module_preset=&#8221;default&#8221;][et_pb_column type=&#8221;4_4&#8243; _builder_version=&#8221;4.6.6&#8243; _module_preset=&#8221;default&#8221;][et_pb_text _builder_version=&#8221;4.6.6&#8243; _module_preset=&#8221;default&#8221; header_font=&#8221;PT Serif|700|||||||&#8221; header_text_align=&#8221;center&#8221; header_text_color=&#8221;#FFFFFF&#8221; header_font_size=&#8221;64px&#8221; custom_margin=&#8221;0px||0px||false|false&#8221; custom_padding=&#8221;140px||0px||false|false&#8221;]<\/p>\n<h1>Parterapi<\/h1>\n<p>[\/et_pb_text][\/et_pb_column][\/et_pb_row][\/et_pb_section][et_pb_section fb_built=&#8221;1&#8243; _builder_version=&#8221;4.6.6&#8243; custom_padding=&#8221;85px||85px||true|false&#8221; locked=&#8221;off&#8221;][et_pb_row column_structure=&#8221;1_2,1_2&#8243; use_custom_gutter=&#8221;on&#8221; gutter_width=&#8221;2&#8243; make_equal=&#8221;on&#8221; _builder_version=&#8221;4.6.6&#8243; width_tablet=&#8221;92%&#8221; width_phone=&#8221;92%&#8221; width_last_edited=&#8221;on|tablet&#8221; max_width=&#8221;1280px&#8221; max_width_tablet=&#8221;92%&#8221; max_width_phone=&#8221;92%&#8221; max_width_last_edited=&#8221;on|phone&#8221; custom_padding=&#8221;0px||0px||false|false&#8221;][et_pb_column type=&#8221;1_2&#8243; _builder_version=&#8221;3.26.6&#8243;][et_pb_image src=&#8221;https:\/\/amorsen.org\/wp-content\/uploads\/2021\/11\/two-little-kittens-sleep-with-their-eyes-closed-an-2021-09-15-17-37-09-utc-scaled.jpg&#8221; title_text=&#8221;Two little kittens sleep with their eyes closed and covered with fluffy blanket&#8221; _builder_version=&#8221;4.6.6&#8243;][\/et_pb_image][\/et_pb_column][et_pb_column type=&#8221;1_2&#8243; _builder_version=&#8221;4.6.6&#8243; custom_padding=&#8221;0px|||30px|false|false&#8221;][et_pb_text _builder_version=&#8221;4.6.6&#8243; text_font=&#8221;PT Serif|700|||||||&#8221; text_text_color=&#8221;#1c374c&#8221; text_font_size=&#8221;24px&#8221; text_line_height=&#8221;1em&#8221; text_font_size_tablet=&#8221;&#8221; text_font_size_phone=&#8221;18px&#8221; text_font_size_last_edited=&#8221;on|desktop&#8221;]<\/p>\n<p>Det handler om kommunikation<\/p>\n<p>[\/et_pb_text][et_pb_text _builder_version=&#8221;4.6.6&#8243; text_font=&#8221;PT Serif|700|||||||&#8221; text_text_color=&#8221;#1c374c&#8221; text_font_size=&#8221;32px&#8221; text_line_height=&#8221;1.3em&#8221; header_font=&#8221;PT Serif||||||||&#8221; header_text_color=&#8221;#111111&#8243; header_2_font=&#8221;Muli||||||||&#8221; custom_margin=&#8221;-5px||||false|false&#8221; custom_margin_tablet=&#8221;-18px||||false|false&#8221; custom_margin_phone=&#8221;-16px||||false|false&#8221; custom_margin_last_edited=&#8221;on|desktop&#8221; text_font_size_tablet=&#8221;&#8221; text_font_size_phone=&#8221;25px&#8221; text_font_size_last_edited=&#8221;on|desktop&#8221;]<\/p>\n<div class=\"column step-4-12\">\n<div id=\"site-container-57\" class=\"Container ModuleElement Textarea AutoResizable con-59 \" data-snap=\"1\" data-containertype=\"Textarea\" data-moduleelement=\"26\">\n<div class=\"Module-26 Textarea\">\n<h1>Parterapi\u200b \u2013 f\u00e5 gnisten tilbage i parforholdet<\/h1>\n<\/div>\n<\/div>\n<\/div>\n<div class=\"column step-4-12\">\n<div id=\"site-container-79\" class=\"Container Placeholder con-45 \" data-snap=\"1\">\n<div class=\"row\">\n<div class=\"column step-4-12 step-5-6\">\n<div id=\"site-container-8\" class=\"Container Placeholder con-27 \" data-snap=\"1\">\n<div class=\"row\">\n<div class=\"column step-4-12\">\n<div id=\"site-container-33\" class=\"Container ModuleElement Textarea con-48 \" data-snap=\"1\" data-containertype=\"Textarea\" data-moduleelement=\"28\">\n<div class=\"Module-28 Textarea\"><\/div>\n<\/div>\n<\/div>\n<\/div>\n<\/div>\n<\/div>\n<\/div>\n<\/div>\n<\/div>\n<p>[\/et_pb_text][et_pb_text _builder_version=&#8221;4.6.6&#8243; text_font=&#8221;Muli||||||||&#8221; text_text_color=&#8221;#111111&#8243; text_line_height=&#8221;1.8em&#8221; link_font=&#8221;|700|||||||&#8221; link_text_color=&#8221;#1f4296&#8243; custom_margin=&#8221;24px||||false|false&#8221; custom_margin_tablet=&#8221;-10px||||false|false&#8221; custom_margin_phone=&#8221;-8px||||false|false&#8221; custom_margin_last_edited=&#8221;on|desktop&#8221; hover_enabled=&#8221;0&#8243; sticky_enabled=&#8221;0&#8243;]<\/p>\n<p>I dagens samfund er vi dagligt under stort pres &#8211; arbejde, familieforhold, b\u00f8rn, fritidsinteresser\u200b, social medier osv. kr\u00e6ver en stor indsats af os og er med til at stresse og g\u00f8re det sv\u00e6rt at f\u00e5 tingene til at h\u00e6nge sammen i familien og parforholdet. Parterapi handler meget om at skabe tillid, tryghed og god kommunikation mellem de to partnere, s\u00e5 man skaber rammerne for at synligg\u00f8re, hvad man har brug for. For at kunne det, er det en vigtig foruds\u00e6tning at finde ud af, hvad det er, man reelt har behov for.<\/p>\n<p>[\/et_pb_text][\/et_pb_column][\/et_pb_row][\/et_pb_section][et_pb_section fb_built=&#8221;1&#8243; _builder_version=&#8221;4.6.6&#8243; background_color=&#8221;#eeeeee&#8221; background_image=&#8221;https:\/\/amorsen.org\/wp-content\/uploads\/2021\/02\/texture.jpg&#8221; custom_padding=&#8221;85px||85px||true|false&#8221; locked=&#8221;off&#8221;][et_pb_row column_structure=&#8221;1_2,1_2&#8243; use_custom_gutter=&#8221;on&#8221; gutter_width=&#8221;2&#8243; make_equal=&#8221;on&#8221; _builder_version=&#8221;4.6.6&#8243; width_tablet=&#8221;92%&#8221; width_phone=&#8221;92%&#8221; width_last_edited=&#8221;on|tablet&#8221; max_width=&#8221;1280px&#8221; max_width_tablet=&#8221;92%&#8221; max_width_phone=&#8221;92%&#8221; max_width_last_edited=&#8221;on|phone&#8221; custom_padding=&#8221;0px||0px||false|false&#8221;][et_pb_column type=&#8221;1_2&#8243; _builder_version=&#8221;4.6.6&#8243; custom_padding=&#8221;0px|||30px|false|false&#8221;][et_pb_text _builder_version=&#8221;4.6.6&#8243; text_font=&#8221;PT Serif|700|||||||&#8221; text_text_color=&#8221;#1c374c&#8221; text_font_size=&#8221;24px&#8221; text_line_height=&#8221;1em&#8221; text_font_size_tablet=&#8221;&#8221; text_font_size_phone=&#8221;18px&#8221; text_font_size_last_edited=&#8221;on|desktop&#8221;]<\/p>\n<p>L\u00e6r at kommunikere dine behov<\/p>\n<p>[\/et_pb_text][et_pb_text _builder_version=&#8221;4.6.6&#8243; text_font=&#8221;PT Serif|700|||||||&#8221; text_text_color=&#8221;#1c374c&#8221; text_font_size=&#8221;32px&#8221; text_line_height=&#8221;1.3em&#8221; header_text_color=&#8221;#111111&#8243; header_2_font=&#8221;PT Serif||||||||&#8221; header_2_font_size=&#8221;30px&#8221; custom_margin=&#8221;-5px||||false|false&#8221; custom_margin_tablet=&#8221;-18px||||false|false&#8221; custom_margin_phone=&#8221;-16px||||false|false&#8221; custom_margin_last_edited=&#8221;on|desktop&#8221; text_font_size_tablet=&#8221;&#8221; text_font_size_phone=&#8221;25px&#8221; text_font_size_last_edited=&#8221;on|desktop&#8221;]<\/p>\n<div class=\"column step-4-12\">\n<div id=\"site-container-57\" class=\"Container ModuleElement Textarea AutoResizable con-59 \" data-snap=\"1\" data-containertype=\"Textarea\" data-moduleelement=\"26\">\n<div class=\"Module-26 Textarea\">\n<h2>Indl\u00f8s dr\u00f8mmen om et k\u00e6rlighedsfyldt parforhold\u00a0<\/h2>\n<\/div>\n<\/div>\n<\/div>\n<div class=\"column step-4-12\">\n<div id=\"site-container-79\" class=\"Container Placeholder con-45 \" data-snap=\"1\">\n<div class=\"row\">\n<div class=\"column step-4-12 step-5-6\">\n<div id=\"site-container-8\" class=\"Container Placeholder con-27 \" data-snap=\"1\">\n<div class=\"row\">\n<div class=\"column step-4-12\">\n<div id=\"site-container-33\" class=\"Container ModuleElement Textarea con-48 \" data-snap=\"1\" data-containertype=\"Textarea\" data-moduleelement=\"28\">\n<div class=\"Module-28 Textarea\"><\/div>\n<\/div>\n<\/div>\n<\/div>\n<\/div>\n<\/div>\n<\/div>\n<\/div>\n<\/div>\n<p>[\/et_pb_text][et_pb_text _builder_version=&#8221;4.6.6&#8243; text_font=&#8221;Muli||||||||&#8221; text_text_color=&#8221;#111111&#8243; text_line_height=&#8221;1.8em&#8221; link_font=&#8221;|700|||||||&#8221; link_text_color=&#8221;#1f4296&#8243; custom_margin=&#8221;24px||||false|false&#8221; custom_margin_tablet=&#8221;-10px||||false|false&#8221; custom_margin_phone=&#8221;-8px||||false|false&#8221; custom_margin_last_edited=&#8221;on|desktop&#8221;]<\/p>\n<p>Vi dr\u00f8mmer alle om at m\u00f8de k\u00e6rlighed, tillid, omsorg og tryghed &#8211; nogle m\u00f8der den og andre leder febrilsk efter den hele livet uden at finde den. Vi forventer, at partneren kan give os den &#8211; det g\u00f8r han\/hun ogs\u00e5 mange gange, men vi opdager det ikke, for vi har ofte sv\u00e6rt ved at tage imod k\u00e6rlighed og omsorg fra andre. Hvordan skal man kunne stole p\u00e5 en andens k\u00e6rlighed, n\u00e5r man ikke har k\u00e6rlighed til sig selv og fejlagtigt tror, at man ikke har fortjent at v\u00e6re elsket? S\u00e5 kan partneren give alt den k\u00e6rlighed, der findes i verden, men det vil ikke blive set og opdaget af modtageren.<\/p>\n<p>\u200b\u200b\u200bMed parterapi bliver du i stand til at vide, hvad du har brug for og forklare din partner det. Lytter du til din partner, l\u00e6rer du personen at kende n\u00e6rmere og finder ud af, hvad han\/hun har brug for.<\/p>\n<p><span>Det er ligesom at skulle give en julegave &#8211; hvordan skal man kunne g\u00e6tte, hvad den anden har brug for, hvis ikke man f\u00e5r at vide, hvad de \u00f8nsker sig? Man h\u00f8rer nogle gange udsagnet\u00a0<\/span><em>&#8220;hvis han elsker mig, ved han ogs\u00e5 hvad jeg \u00f8nsker mig.&#8221;<\/em><span>\u00a0eller\u00a0<\/span><em>&#8220;hvis jeg selv skal bede om det er det ikke noget v\u00e6rd.&#8221;<\/em><span>. Begge dele er noget vr\u00f8vl, for vi er ikke tankel\u00e6sere. Hvordan skal man kunne g\u00e6tte, hvad den anden \u00f8nsker sig, hvis vedkommende m\u00e5ske ikke engang selv er klar over det?<\/span><\/p>\n<p>[\/et_pb_text][\/et_pb_column][et_pb_column type=&#8221;1_2&#8243; _builder_version=&#8221;3.26.6&#8243;][et_pb_image src=&#8221;https:\/\/amorsen.org\/wp-content\/uploads\/2021\/02\/stones-balance-inspiration-peaceful-concept-PB5S6J7-scaled.jpg&#8221; title_text=&#8221;Stones balance inspiration peaceful concept&#8221; disabled_on=&#8221;on|on|off&#8221; _builder_version=&#8221;4.6.6&#8243;][\/et_pb_image][\/et_pb_column][\/et_pb_row][\/et_pb_section][et_pb_section fb_built=&#8221;1&#8243; _builder_version=&#8221;4.6.6&#8243; custom_padding=&#8221;85px||85px||true|false&#8221; locked=&#8221;off&#8221;][et_pb_row column_structure=&#8221;1_2,1_2&#8243; use_custom_gutter=&#8221;on&#8221; gutter_width=&#8221;2&#8243; make_equal=&#8221;on&#8221; _builder_version=&#8221;4.6.6&#8243; width_tablet=&#8221;92%&#8221; width_phone=&#8221;92%&#8221; width_last_edited=&#8221;on|tablet&#8221; max_width=&#8221;1280px&#8221; max_width_tablet=&#8221;92%&#8221; max_width_phone=&#8221;92%&#8221; max_width_last_edited=&#8221;on|phone&#8221; custom_padding=&#8221;0px||0px||false|false&#8221;][et_pb_column type=&#8221;1_2&#8243; _builder_version=&#8221;3.26.6&#8243;][et_pb_image src=&#8221;https:\/\/amorsen.org\/wp-content\/uploads\/2021\/11\/clouds-on-sky-sky-pink-and-blue-colors-sky-abstra-2021-08-28-08-59-53-utc-scaled.jpg&#8221; title_text=&#8221;Clouds on sky sky pink and blue colors. Sky abstract background&#8221; _builder_version=&#8221;4.6.6&#8243;][\/et_pb_image][\/et_pb_column][et_pb_column type=&#8221;1_2&#8243; _builder_version=&#8221;4.6.6&#8243; custom_padding=&#8221;0px|||30px|false|false&#8221;][et_pb_text _builder_version=&#8221;4.6.6&#8243; text_font=&#8221;PT Serif|700|||||||&#8221; text_text_color=&#8221;#1c374c&#8221; text_font_size=&#8221;24px&#8221; text_line_height=&#8221;1em&#8221; text_font_size_tablet=&#8221;&#8221; text_font_size_phone=&#8221;18px&#8221; text_font_size_last_edited=&#8221;on|desktop&#8221;]<\/p>\n<p>K\u00e6mp for jeres parforhold<\/p>\n<p>[\/et_pb_text][et_pb_text _builder_version=&#8221;4.6.6&#8243; text_font=&#8221;PT Serif|700|||||||&#8221; text_text_color=&#8221;#1c374c&#8221; text_font_size=&#8221;32px&#8221; text_line_height=&#8221;1.3em&#8221; header_font=&#8221;PT Serif||||||||&#8221; header_text_color=&#8221;#111111&#8243; header_2_font=&#8221;Muli||||||||&#8221; custom_margin=&#8221;-5px||||false|false&#8221; custom_margin_tablet=&#8221;-18px||||false|false&#8221; custom_margin_phone=&#8221;-16px||||false|false&#8221; custom_margin_last_edited=&#8221;on|desktop&#8221; text_font_size_tablet=&#8221;&#8221; text_font_size_phone=&#8221;25px&#8221; text_font_size_last_edited=&#8221;on|desktop&#8221;]<\/p>\n<div class=\"column step-4-12\">\n<div id=\"site-container-57\" class=\"Container ModuleElement Textarea AutoResizable con-59 \" data-snap=\"1\" data-containertype=\"Textarea\" data-moduleelement=\"26\">\n<div class=\"Module-26 Textarea\">\n<h2>Succes med terapi for par<\/h2>\n<\/div>\n<\/div>\n<\/div>\n<div class=\"column step-4-12\">\n<div id=\"site-container-79\" class=\"Container Placeholder con-45 \" data-snap=\"1\">\n<div class=\"row\">\n<div class=\"column step-4-12 step-5-6\">\n<div id=\"site-container-8\" class=\"Container Placeholder con-27 \" data-snap=\"1\">\n<div class=\"row\">\n<div class=\"column step-4-12\">\n<div id=\"site-container-33\" class=\"Container ModuleElement Textarea con-48 \" data-snap=\"1\" data-containertype=\"Textarea\" data-moduleelement=\"28\">\n<div class=\"Module-28 Textarea\"><\/div>\n<\/div>\n<\/div>\n<\/div>\n<\/div>\n<\/div>\n<\/div>\n<\/div>\n<\/div>\n<p>[\/et_pb_text][et_pb_text _builder_version=&#8221;4.6.6&#8243; text_font=&#8221;Muli||||||||&#8221; text_text_color=&#8221;#111111&#8243; text_line_height=&#8221;1.8em&#8221; link_font=&#8221;|700|||||||&#8221; link_text_color=&#8221;#1f4296&#8243; custom_margin=&#8221;24px||||false|false&#8221; custom_margin_tablet=&#8221;-10px||||false|false&#8221; custom_margin_phone=&#8221;-8px||||false|false&#8221; custom_margin_last_edited=&#8221;on|desktop&#8221;]<\/p>\n<p>Jeg har gode erfaringer og resultater med parterapi &#8211; det virker oftest og giver parret de n\u00f8dvendige v\u00e6rkt\u00f8jer til at komme videre &#8211; enten i parforholdet eller til at finde ud af, om der reelt er en mulighed for blive sammen. En betingelse for succes er dog, at begge parter i forholdet \u00f8nsker at give forholdet en chance til og er villig til at arbejde med mulighederne. Hvis kun den ene vil det &#8211; eller den anden allerede er p\u00e5 vej ud af d\u00f8ren og\/eller i gang med et nyt forhold er det langt sv\u00e6rere &#8211; men dog ikke umuligt &#8211; at skabe succes.<\/p>\n<p>\u200b\u00d8nsker dig og din partner at k\u00e6mpe for parforholdet, s\u00e5 kontakt mig p\u00e5 <br \/>telefon<span>\u00a0<\/span><a href=\"tel:25741183\" target=\"_self\" rel=\"noopener\">25 74 11 83\u00a0<\/a>eller e-mail<span>\u00a0<\/span><a href=\"mailto:niels@amorsen.org\">niels@amorsen.org\u00a0<\/a>for at bestille tid til parterapi.<\/p>\n<p>[\/et_pb_text][\/et_pb_column][\/et_pb_row][\/et_pb_section]<\/p>\n","protected":false},"excerpt":{"rendered":"<p>ParterapiDet handler om kommunikation Parterapi\u200b \u2013 f\u00e5 gnisten tilbage i parforholdet I dagens samfund er vi dagligt under stort pres &#8211; arbejde, familieforhold, b\u00f8rn, fritidsinteresser\u200b, social medier osv. kr\u00e6ver en stor indsats af os og er med til at stresse og g\u00f8re det sv\u00e6rt at f\u00e5 tingene til at h\u00e6nge sammen i familien og parforholdet. [&hellip;]<\/p>\n","protected":false},"author":1,"featured_media":0,"parent":0,"menu_order":0,"comment_status":"closed","ping_status":"closed","template":"","meta":{"_et_pb_use_builder":"on","_et_pb_old_content":"","_et_gb_content_width":"","footnotes":""},"class_list":["post-212780","page","type-page","status-publish","hentry"],"_links":{"self":[{"href":"https:\/\/amorsen.org\/index.php\/wp-json\/wp\/v2\/pages\/212780","targetHints":{"allow":["GET"]}}],"collection":[{"href":"https:\/\/amorsen.org\/index.php\/wp-json\/wp\/v2\/pages"}],"about":[{"href":"https:\/\/amorsen.org\/index.php\/wp-json\/wp\/v2\/types\/page"}],"author":[{"embeddable":true,"href":"https:\/\/amorsen.org\/index.php\/wp-json\/wp\/v2\/users\/1"}],"replies":[{"embeddable":true,"href":"https:\/\/amorsen.org\/index.php\/wp-json\/wp\/v2\/comments?post=212780"}],"version-history":[{"count":10,"href":"https:\/\/amorsen.org\/index.php\/wp-json\/wp\/v2\/pages\/212780\/revisions"}],"predecessor-version":[{"id":212997,"href":"https:\/\/amorsen.org\/index.php\/wp-json\/wp\/v2\/pages\/212780\/revisions\/212997"}],"wp:attachment":[{"href":"https:\/\/amorsen.org\/index.php\/wp-json\/wp\/v2\/media?parent=212780"}],"curies":[{"name":"wp","href":"https:\/\/api.w.org\/{rel}","templated":true}]}}