{"id":212763,"date":"2021-02-17T14:32:30","date_gmt":"2021-02-17T14:32:30","guid":{"rendered":"http:\/\/amorsen.org\/?page_id=212763"},"modified":"2021-11-12T10:35:36","modified_gmt":"2021-11-12T10:35:36","slug":"links","status":"publish","type":"page","link":"https:\/\/amorsen.org\/index.php\/links\/","title":{"rendered":"Links"},"content":{"rendered":"<p>[et_pb_section fb_built=&#8221;1&#8243; _builder_version=&#8221;4.6.6&#8243; background_image=&#8221;https:\/\/amorsen.org\/wp-content\/uploads\/2021\/02\/beautiful-landscape-view-of-mountain-village-ASMJUTX-1.jpg&#8221; custom_margin=&#8221;0px|0px|0px|0px|false|false&#8221; custom_padding=&#8221;5%|0px|5%|0px|true|false&#8221;][et_pb_row _builder_version=&#8221;4.6.6&#8243; _module_preset=&#8221;default&#8221;][et_pb_column type=&#8221;4_4&#8243; _builder_version=&#8221;4.6.6&#8243; _module_preset=&#8221;default&#8221;][et_pb_text _builder_version=&#8221;4.6.6&#8243; _module_preset=&#8221;default&#8221; header_font=&#8221;PT Serif|700|||||||&#8221; header_text_align=&#8221;center&#8221; header_text_color=&#8221;#FFFFFF&#8221; header_font_size=&#8221;64px&#8221; custom_margin=&#8221;0px||0px||false|false&#8221; custom_padding=&#8221;140px||0px||false|false&#8221;]<\/p>\n<h1>Links<\/h1>\n<p>[\/et_pb_text][\/et_pb_column][\/et_pb_row][\/et_pb_section][et_pb_section fb_built=&#8221;1&#8243; _builder_version=&#8221;4.6.6&#8243; custom_padding=&#8221;85px||85px||true|false&#8221; locked=&#8221;off&#8221;][et_pb_row use_custom_gutter=&#8221;on&#8221; gutter_width=&#8221;2&#8243; make_equal=&#8221;on&#8221; _builder_version=&#8221;4.6.6&#8243; width_tablet=&#8221;92%&#8221; width_phone=&#8221;92%&#8221; width_last_edited=&#8221;on|tablet&#8221; max_width=&#8221;1280px&#8221; max_width_tablet=&#8221;92%&#8221; max_width_phone=&#8221;92%&#8221; max_width_last_edited=&#8221;on|phone&#8221; custom_padding=&#8221;0px||0px||false|false&#8221; hover_enabled=&#8221;0&#8243; column_structure=&#8221;1_2,1_2&#8243; sticky_enabled=&#8221;0&#8243;][et_pb_column type=&#8221;1_2&#8243; _builder_version=&#8221;4.6.6&#8243; custom_padding=&#8221;0px|||30px|false|false&#8221;][et_pb_text _builder_version=&#8221;4.6.6&#8243; text_font=&#8221;PT Serif|700|||||||&#8221; text_text_color=&#8221;#1c374c&#8221; text_font_size=&#8221;24px&#8221; text_line_height=&#8221;1em&#8221; text_font_size_tablet=&#8221;&#8221; text_font_size_phone=&#8221;18px&#8221; text_font_size_last_edited=&#8221;on|desktop&#8221;]<\/p>\n<blockquote>\n<p>L\u00e6s om ID-Psykoterapi<\/p>\n<\/blockquote>\n<p>[\/et_pb_text][et_pb_text _builder_version=&#8221;4.6.6&#8243; text_font=&#8221;PT Serif|700|||||||&#8221; text_text_color=&#8221;#1c374c&#8221; text_font_size=&#8221;32px&#8221; text_line_height=&#8221;1.3em&#8221; header_font=&#8221;PT Serif||||||||&#8221; header_text_color=&#8221;#111111&#8243; header_2_font=&#8221;Muli||||||||&#8221; custom_margin=&#8221;-5px||||false|false&#8221; custom_margin_tablet=&#8221;-18px||||false|false&#8221; custom_margin_phone=&#8221;-16px||||false|false&#8221; custom_margin_last_edited=&#8221;on|desktop&#8221; text_font_size_tablet=&#8221;&#8221; text_font_size_phone=&#8221;25px&#8221; text_font_size_last_edited=&#8221;on|desktop&#8221;]<\/p>\n<div class=\"column step-4-12\">\n<div id=\"site-container-57\" class=\"Container ModuleElement Textarea AutoResizable con-59 \" data-snap=\"1\" data-containertype=\"Textarea\" data-moduleelement=\"26\">\n<div class=\"Module-26 Textarea\">\n<h1>Te\u200brapeutiske links<\/h1>\n<\/div>\n<\/div>\n<\/div>\n<div class=\"column step-4-12\">\n<div id=\"site-container-79\" class=\"Container Placeholder con-45 \" data-snap=\"1\">\n<div class=\"row\">\n<div class=\"column step-4-12 step-5-6\">\n<div id=\"site-container-8\" class=\"Container Placeholder con-27 \" data-snap=\"1\">\n<div class=\"row\">\n<div class=\"column step-4-12\">\n<div id=\"site-container-33\" class=\"Container ModuleElement Textarea con-48 \" data-snap=\"1\" data-containertype=\"Textarea\" data-moduleelement=\"28\">\n<div class=\"Module-28 Textarea\"><\/div>\n<\/div>\n<\/div>\n<\/div>\n<\/div>\n<\/div>\n<\/div>\n<\/div>\n<\/div>\n<p>[\/et_pb_text][et_pb_text _builder_version=&#8221;4.6.6&#8243; text_font=&#8221;Muli||||||||&#8221; text_text_color=&#8221;#111111&#8243; text_line_height=&#8221;1.8em&#8221; link_font=&#8221;|700|||||||&#8221; link_text_color=&#8221;#6bc4ff&#8221; custom_margin=&#8221;24px||||false|false&#8221; custom_margin_tablet=&#8221;-10px||||false|false&#8221; custom_margin_phone=&#8221;-8px||||false|false&#8221; custom_margin_last_edited=&#8221;on|desktop&#8221;]<\/p>\n<p><a href=\"http:\/\/www.idacademy.dk\/\" target=\"_blank\" class=\"custom7\" rel=\"noopener\">www.idacademy.dk<\/a><span>\u00a0<\/span>er hjemmeside for Ole Vadum Dahls uddannelser, herunder ogs\u00e5 uddannelsen som ID-Psykoterapeut. Her kan du l\u00e6se meget mere om uddannelsens indhold.<\/p>\n<p>[\/et_pb_text][\/et_pb_column][et_pb_column type=&#8221;1_2&#8243; _builder_version=&#8221;4.6.6&#8243; custom_padding=&#8221;0px|||30px|false|false&#8221; hover_enabled=&#8221;0&#8243; sticky_enabled=&#8221;0&#8243;][et_pb_text _builder_version=&#8221;4.6.6&#8243; text_font=&#8221;PT Serif|700|||||||&#8221; text_text_color=&#8221;#1c374c&#8221; text_font_size=&#8221;24px&#8221; text_line_height=&#8221;1em&#8221; hover_enabled=&#8221;0&#8243; text_font_size_tablet=&#8221;&#8221; text_font_size_phone=&#8221;18px&#8221; text_font_size_last_edited=&#8221;on|desktop&#8221; sticky_enabled=&#8221;0&#8243;]<\/p>\n<blockquote>\n<p>Personlig St\u00f8ttesponsor<\/p>\n<\/blockquote>\n<p>[\/et_pb_text][et_pb_text _builder_version=&#8221;4.6.6&#8243; text_font=&#8221;PT Serif|700|||||||&#8221; text_text_color=&#8221;#1c374c&#8221; text_font_size=&#8221;32px&#8221; text_line_height=&#8221;1.3em&#8221; header_font=&#8221;PT Serif||||||||&#8221; header_text_color=&#8221;#111111&#8243; header_2_font=&#8221;Muli||||||||&#8221; custom_margin=&#8221;-5px||||false|false&#8221; custom_margin_tablet=&#8221;-18px||||false|false&#8221; custom_margin_phone=&#8221;-16px||||false|false&#8221; custom_margin_last_edited=&#8221;on|desktop&#8221; hover_enabled=&#8221;0&#8243; text_font_size_tablet=&#8221;&#8221; text_font_size_phone=&#8221;25px&#8221; text_font_size_last_edited=&#8221;on|desktop&#8221; sticky_enabled=&#8221;0&#8243;]<\/p>\n<div class=\"column step-4-12\">\n<div id=\"site-container-57\" class=\"Container ModuleElement Textarea AutoResizable con-59 \" data-snap=\"1\" data-containertype=\"Textarea\" data-moduleelement=\"26\">\n<div class=\"Module-26 Textarea\">\n<h1>Personlige links<\/h1>\n<\/div>\n<\/div>\n<\/div>\n<div class=\"column step-4-12\">\n<div id=\"site-container-79\" class=\"Container Placeholder con-45 \" data-snap=\"1\">\n<div class=\"row\">\n<div class=\"column step-4-12 step-5-6\">\n<div id=\"site-container-8\" class=\"Container Placeholder con-27 \" data-snap=\"1\">\n<div class=\"row\">\n<div class=\"column step-4-12\">\n<div id=\"site-container-33\" class=\"Container ModuleElement Textarea con-48 \" data-snap=\"1\" data-containertype=\"Textarea\" data-moduleelement=\"28\">\n<div class=\"Module-28 Textarea\"><\/div>\n<\/div>\n<\/div>\n<\/div>\n<\/div>\n<\/div>\n<\/div>\n<\/div>\n<\/div>\n<p>[\/et_pb_text][et_pb_text _builder_version=&#8221;4.6.6&#8243; text_font=&#8221;Muli||||||||&#8221; text_text_color=&#8221;#111111&#8243; text_line_height=&#8221;1.8em&#8221; link_font=&#8221;|700|||||||&#8221; link_text_color=&#8221;#6bc4ff&#8221; custom_margin=&#8221;24px||||false|false&#8221; custom_margin_tablet=&#8221;-10px||||false|false&#8221; custom_margin_phone=&#8221;-8px||||false|false&#8221; custom_margin_last_edited=&#8221;on|desktop&#8221; hover_enabled=&#8221;0&#8243; sticky_enabled=&#8221;0&#8243;]<\/p>\n<p><a href=\"https:\/\/www.e-julemaerket.dk\/\" target=\"_blank\" rel=\"noopener\">https:\/\/www.e-julemaerket.dk\/<\/a>\u00a0er hjemmeside for julem\u00e6rkehjemmene i Danmark. Det skal understreges at jeg personlig st\u00f8ttesponsor, ikke erhvervsven, og opfordrer andre til at v\u00e6re det samme.<\/p>\n<p>[\/et_pb_text][\/et_pb_column][\/et_pb_row][\/et_pb_section]<\/p>\n","protected":false},"excerpt":{"rendered":"<p>Links L\u00e6s om ID-Psykoterapi Te\u200brapeutiske links www.idacademy.dk\u00a0er hjemmeside for Ole Vadum Dahls uddannelser, herunder ogs\u00e5 uddannelsen som ID-Psykoterapeut. Her kan du l\u00e6se meget mere om uddannelsens indhold. Personlig St\u00f8ttesponsor Personlige links https:\/\/www.e-julemaerket.dk\/\u00a0er hjemmeside for julem\u00e6rkehjemmene i Danmark. Det skal understreges at jeg personlig st\u00f8ttesponsor, ikke erhvervsven, og opfordrer andre til at v\u00e6re det samme.<\/p>\n","protected":false},"author":1,"featured_media":0,"parent":0,"menu_order":0,"comment_status":"closed","ping_status":"closed","template":"","meta":{"_et_pb_use_builder":"on","_et_pb_old_content":"","_et_gb_content_width":"","footnotes":""},"class_list":["post-212763","page","type-page","status-publish","hentry"],"_links":{"self":[{"href":"https:\/\/amorsen.org\/index.php\/wp-json\/wp\/v2\/pages\/212763","targetHints":{"allow":["GET"]}}],"collection":[{"href":"https:\/\/amorsen.org\/index.php\/wp-json\/wp\/v2\/pages"}],"about":[{"href":"https:\/\/amorsen.org\/index.php\/wp-json\/wp\/v2\/types\/page"}],"author":[{"embeddable":true,"href":"https:\/\/amorsen.org\/index.php\/wp-json\/wp\/v2\/users\/1"}],"replies":[{"embeddable":true,"href":"https:\/\/amorsen.org\/index.php\/wp-json\/wp\/v2\/comments?post=212763"}],"version-history":[{"count":5,"href":"https:\/\/amorsen.org\/index.php\/wp-json\/wp\/v2\/pages\/212763\/revisions"}],"predecessor-version":[{"id":212994,"href":"https:\/\/amorsen.org\/index.php\/wp-json\/wp\/v2\/pages\/212763\/revisions\/212994"}],"wp:attachment":[{"href":"https:\/\/amorsen.org\/index.php\/wp-json\/wp\/v2\/media?parent=212763"}],"curies":[{"name":"wp","href":"https:\/\/api.w.org\/{rel}","templated":true}]}}