{"id":212751,"date":"2021-02-17T14:29:26","date_gmt":"2021-02-17T14:29:26","guid":{"rendered":"http:\/\/amorsen.org\/?page_id=212751"},"modified":"2021-11-11T11:40:04","modified_gmt":"2021-11-11T11:40:04","slug":"id-psykoterapi","status":"publish","type":"page","link":"https:\/\/amorsen.org\/index.php\/id-psykoterapi\/","title":{"rendered":"ID-Psykoterapi"},"content":{"rendered":"<p>[et_pb_section fb_built=&#8221;1&#8243; _builder_version=&#8221;4.6.6&#8243; background_image=&#8221;https:\/\/amorsen.org\/wp-content\/uploads\/2021\/02\/beautiful-landscape-view-of-mountain-village-ASMJUTX-1.jpg&#8221; custom_margin=&#8221;0px|0px|0px|0px|false|false&#8221; custom_padding=&#8221;5%|0px|5%|0px|true|false&#8221;][et_pb_row _builder_version=&#8221;4.6.6&#8243; _module_preset=&#8221;default&#8221;][et_pb_column type=&#8221;4_4&#8243; _builder_version=&#8221;4.6.6&#8243; _module_preset=&#8221;default&#8221;][et_pb_text _builder_version=&#8221;4.6.6&#8243; _module_preset=&#8221;default&#8221; header_font=&#8221;PT Serif|700|||||||&#8221; header_text_align=&#8221;center&#8221; header_text_color=&#8221;#FFFFFF&#8221; header_font_size=&#8221;64px&#8221; custom_margin=&#8221;0px||0px||false|false&#8221; custom_padding=&#8221;140px||0px||false|false&#8221;]<\/p>\n<h1>ID-Psykoterapi<\/h1>\n<p>[\/et_pb_text][\/et_pb_column][\/et_pb_row][\/et_pb_section][et_pb_section fb_built=&#8221;1&#8243; _builder_version=&#8221;4.6.6&#8243; custom_padding=&#8221;85px||85px||true|false&#8221; locked=&#8221;off&#8221;][et_pb_row column_structure=&#8221;1_2,1_2&#8243; use_custom_gutter=&#8221;on&#8221; gutter_width=&#8221;2&#8243; make_equal=&#8221;on&#8221; _builder_version=&#8221;4.6.6&#8243; width_tablet=&#8221;92%&#8221; width_phone=&#8221;92%&#8221; width_last_edited=&#8221;on|tablet&#8221; max_width=&#8221;1280px&#8221; max_width_tablet=&#8221;92%&#8221; max_width_phone=&#8221;92%&#8221; max_width_last_edited=&#8221;on|phone&#8221; custom_padding=&#8221;0px||0px||false|false&#8221;][et_pb_column type=&#8221;1_2&#8243; _builder_version=&#8221;3.26.6&#8243;][et_pb_image src=&#8221;https:\/\/amorsen.org\/wp-content\/uploads\/2021\/02\/balance-rock-2KXA6M6-scaled.jpg&#8221; title_text=&#8221;balance rock&#8221; _builder_version=&#8221;4.6.6&#8243;][\/et_pb_image][\/et_pb_column][et_pb_column type=&#8221;1_2&#8243; _builder_version=&#8221;4.6.6&#8243; custom_padding=&#8221;0px||0px|30px|false|false&#8221;][et_pb_text _builder_version=&#8221;4.6.6&#8243; text_font=&#8221;PT Serif|700|||||||&#8221; text_text_color=&#8221;#1c374c&#8221; text_font_size=&#8221;24px&#8221; text_line_height=&#8221;1em&#8221; text_font_size_tablet=&#8221;&#8221; text_font_size_phone=&#8221;18px&#8221; text_font_size_last_edited=&#8221;on|desktop&#8221;]<\/p>\n<blockquote>\n<p><strong>Hvad er en ID-Psykoterapeut?<\/strong><\/p>\n<\/blockquote>\n<p>[\/et_pb_text][et_pb_text _builder_version=&#8221;4.6.6&#8243; text_font=&#8221;PT Serif|700|||||||&#8221; text_text_color=&#8221;#1c374c&#8221; text_font_size=&#8221;32px&#8221; text_line_height=&#8221;1.3em&#8221; header_font=&#8221;PT Serif||||||||&#8221; header_text_color=&#8221;#111111&#8243; header_2_font=&#8221;Muli||||||||&#8221; custom_margin=&#8221;-5px||||false|false&#8221; custom_margin_tablet=&#8221;-18px||||false|false&#8221; custom_margin_phone=&#8221;-16px||||false|false&#8221; custom_margin_last_edited=&#8221;on|desktop&#8221; text_font_size_tablet=&#8221;&#8221; text_font_size_phone=&#8221;25px&#8221; text_font_size_last_edited=&#8221;on|desktop&#8221;]<\/p>\n<div class=\"column step-4-12\">\n<div id=\"site-container-57\" class=\"Container ModuleElement Textarea AutoResizable con-59 \" data-snap=\"1\" data-containertype=\"Textarea\" data-moduleelement=\"26\">\n<div class=\"Module-26 Textarea\">\n<h1>\u200bID-Psykoterapi<\/h1>\n<\/div>\n<\/div>\n<\/div>\n<div class=\"column step-4-12\">\n<div id=\"site-container-79\" class=\"Container Placeholder con-45 \" data-snap=\"1\">\n<div class=\"row\">\n<div class=\"column step-4-12 step-5-6\">\n<div id=\"site-container-8\" class=\"Container Placeholder con-27 \" data-snap=\"1\">\n<div class=\"row\">\n<div class=\"column step-4-12\">\n<div id=\"site-container-33\" class=\"Container ModuleElement Textarea con-48 \" data-snap=\"1\" data-containertype=\"Textarea\" data-moduleelement=\"28\">\n<div class=\"Module-28 Textarea\"><\/div>\n<\/div>\n<\/div>\n<\/div>\n<\/div>\n<\/div>\n<\/div>\n<\/div>\n<\/div>\n<p>[\/et_pb_text][et_pb_text _builder_version=&#8221;4.6.6&#8243; text_font=&#8221;Muli||||||||&#8221; text_text_color=&#8221;#111111&#8243; text_line_height=&#8221;1.8em&#8221; link_font=&#8221;|700|||||||&#8221; link_text_color=&#8221;#1f4296&#8243; custom_margin=&#8221;24px||||false|false&#8221; custom_margin_tablet=&#8221;-10px||||false|false&#8221; custom_margin_phone=&#8221;-8px||||false|false&#8221; custom_margin_last_edited=&#8221;on|desktop&#8221;]<\/p>\n<p><span>En ID-Psykoterapeut har gennemg\u00e5et en 4-\u00e5rig uddannelse p\u00e5 mindst 1824 lektioner. Uddannelsen er afsluttet med certificering (eksamen), hvori terapeuten skriftligt og mundtligt har dokumenteret sit standpunkt og faglige niveau. Certificeringsbeviset dokumenterer endvidere, at terapeuten lever op til de menneskelige og faglige krav, som Instituttet har opstillet. Undervejs i uddannelsen f\u00f8lges terapeutens metoder og udvikling af en uddannet Supervisor, med stor klinisk erfaring, som er godkendt af Instituttet.<\/span><\/p>\n<p>[\/et_pb_text][\/et_pb_column][\/et_pb_row][\/et_pb_section][et_pb_section fb_built=&#8221;1&#8243; _builder_version=&#8221;4.6.6&#8243; background_color=&#8221;#eeeeee&#8221; background_image=&#8221;https:\/\/amorsen.org\/wp-content\/uploads\/2021\/02\/texture.jpg&#8221; custom_padding=&#8221;85px||85px||true|false&#8221; locked=&#8221;off&#8221;][et_pb_row column_structure=&#8221;1_2,1_2&#8243; use_custom_gutter=&#8221;on&#8221; gutter_width=&#8221;2&#8243; make_equal=&#8221;on&#8221; _builder_version=&#8221;4.6.6&#8243; width_tablet=&#8221;92%&#8221; width_phone=&#8221;92%&#8221; width_last_edited=&#8221;on|tablet&#8221; max_width=&#8221;1280px&#8221; max_width_tablet=&#8221;92%&#8221; max_width_phone=&#8221;92%&#8221; max_width_last_edited=&#8221;on|phone&#8221; custom_padding=&#8221;0px||0px||false|false&#8221;][et_pb_column type=&#8221;1_2&#8243; _builder_version=&#8221;4.6.6&#8243; custom_padding=&#8221;0px||0px|30px|false|false&#8221;][et_pb_text _builder_version=&#8221;4.6.6&#8243; text_font=&#8221;PT Serif|700|||||||&#8221; text_text_color=&#8221;#1c374c&#8221; text_font_size=&#8221;24px&#8221; text_line_height=&#8221;1em&#8221; text_font_size_tablet=&#8221;&#8221; text_font_size_phone=&#8221;18px&#8221; text_font_size_last_edited=&#8221;on|desktop&#8221;]<\/p>\n<blockquote>\n<p>Der arbejdes med 7 niveauer<\/p>\n<\/blockquote>\n<p>[\/et_pb_text][et_pb_text _builder_version=&#8221;4.6.6&#8243; text_font=&#8221;PT Serif|700|||||||&#8221; text_text_color=&#8221;#1c374c&#8221; text_font_size=&#8221;32px&#8221; text_line_height=&#8221;1.3em&#8221; header_text_color=&#8221;#111111&#8243; header_2_font=&#8221;PT Serif||||||||&#8221; header_2_font_size=&#8221;30px&#8221; custom_margin=&#8221;-5px||||false|false&#8221; custom_margin_tablet=&#8221;-18px||||false|false&#8221; custom_margin_phone=&#8221;-16px||||false|false&#8221; custom_margin_last_edited=&#8221;on|desktop&#8221; text_font_size_tablet=&#8221;&#8221; text_font_size_phone=&#8221;25px&#8221; text_font_size_last_edited=&#8221;on|desktop&#8221;]<\/p>\n<div class=\"column step-4-12\">\n<div id=\"site-container-57\" class=\"Container ModuleElement Textarea AutoResizable con-59 \" data-snap=\"1\" data-containertype=\"Textarea\" data-moduleelement=\"26\">\n<div class=\"Module-26 Textarea\">\n<h2>ID-terapi st\u00e5r for Integrativ Dynamisk Psykoterapi<\/h2>\n<\/div>\n<\/div>\n<\/div>\n<div class=\"column step-4-12\">\n<div id=\"site-container-79\" class=\"Container Placeholder con-45 \" data-snap=\"1\">\n<div class=\"row\">\n<div class=\"column step-4-12 step-5-6\">\n<div id=\"site-container-8\" class=\"Container Placeholder con-27 \" data-snap=\"1\">\n<div class=\"row\">\n<div class=\"column step-4-12\">\n<div id=\"site-container-33\" class=\"Container ModuleElement Textarea con-48 \" data-snap=\"1\" data-containertype=\"Textarea\" data-moduleelement=\"28\">\n<div class=\"Module-28 Textarea\"><\/div>\n<\/div>\n<\/div>\n<\/div>\n<\/div>\n<\/div>\n<\/div>\n<\/div>\n<\/div>\n<p>[\/et_pb_text][et_pb_text _builder_version=&#8221;4.6.6&#8243; text_font=&#8221;Muli||||||||&#8221; text_text_color=&#8221;#111111&#8243; text_line_height=&#8221;1.8em&#8221; link_font=&#8221;|700|||||||&#8221; link_text_color=&#8221;#1f4296&#8243; custom_margin=&#8221;24px||||false|false&#8221; custom_margin_tablet=&#8221;-10px||||false|false&#8221; custom_margin_phone=&#8221;-8px||||false|false&#8221; custom_margin_last_edited=&#8221;on|desktop&#8221;]<\/p>\n<div class=\"column step-4-12 step-5-6\">\n<div id=\"site-container-336\" class=\"Container Placeholder con-78 \" data-snap=\"1\">\n<div class=\"row\">\n<div class=\"column step-4-12\">\n<div id=\"site-container-339\" class=\"Container ModuleElement Textarea AutoResizable con-77 \" data-snap=\"1\" data-containertype=\"Textarea\" data-moduleelement=\"172\">\n<div class=\"Module-172 Textarea\">\n<p>At en terapiform er Integrativ betyder, at der i konceptet indg\u00e5r forskellige dele fra forskellige psykologiske eller terapeutiske traditioner. ID-konceptet arbejder s\u00e5ledes med 7 niveauer eller psykologiske retninger:\u200b<\/p>\n<ul>\n<li>Adf\u00e6rd<\/li>\n<li>Kognitiv<\/li>\n<li>Systemisk<\/li>\n<li>Psykodynamisk<\/li>\n<li>Eksistentiel<\/li>\n<li>Humanistisk<\/li>\n<li>Transpersonel<\/li>\n<\/ul>\n<p>Spektret d\u00e6kker derfor bredt og kan anvendes i hovedparten af de situationer, hvor en terapeut kommer i arbejde. Sagt p\u00e5 en anden m\u00e5de kan hver af de 7 niveauer anvendes, hvor netop denne retnings teknikker og v\u00e6rkt\u00f8jer er s\u00e6rligt egnede.\u200b<\/p>\n<\/div>\n<\/div>\n<\/div>\n<\/div>\n<\/div>\n<\/div>\n<p>[\/et_pb_text][\/et_pb_column][et_pb_column type=&#8221;1_2&#8243; _builder_version=&#8221;3.26.6&#8243;][et_pb_image src=&#8221;https:\/\/amorsen.org\/wp-content\/uploads\/2021\/11\/calmness-and-mood-2021-08-28-13-11-38-utc-scaled.jpg&#8221; title_text=&#8221;Calmness and mood over the lake at the amazing sunset&#8221; _builder_version=&#8221;4.6.6&#8243; hover_enabled=&#8221;0&#8243; sticky_enabled=&#8221;0&#8243;][\/et_pb_image][\/et_pb_column][\/et_pb_row][\/et_pb_section][et_pb_section fb_built=&#8221;1&#8243; _builder_version=&#8221;4.6.6&#8243; custom_padding=&#8221;85px||85px||true|false&#8221; locked=&#8221;off&#8221;][et_pb_row column_structure=&#8221;1_2,1_2&#8243; use_custom_gutter=&#8221;on&#8221; gutter_width=&#8221;2&#8243; make_equal=&#8221;on&#8221; _builder_version=&#8221;4.6.6&#8243; width_tablet=&#8221;92%&#8221; width_phone=&#8221;92%&#8221; width_last_edited=&#8221;on|tablet&#8221; max_width=&#8221;1280px&#8221; max_width_tablet=&#8221;92%&#8221; max_width_phone=&#8221;92%&#8221; max_width_last_edited=&#8221;on|phone&#8221; custom_padding=&#8221;0px||0px||false|false&#8221;][et_pb_column type=&#8221;1_2&#8243; _builder_version=&#8221;3.26.6&#8243;][et_pb_image src=&#8221;https:\/\/amorsen.org\/wp-content\/uploads\/2021\/11\/calm-tatra-chamois-laying-down-on-a-hill-in-autumn-2021-08-29-02-28-49-utc-scaled.jpg&#8221; title_text=&#8221;Calm tatra chamois laying down on a hill in autumn mountains&#8221; _builder_version=&#8221;4.6.6&#8243; hover_enabled=&#8221;0&#8243; sticky_enabled=&#8221;0&#8243;][\/et_pb_image][\/et_pb_column][et_pb_column type=&#8221;1_2&#8243; _builder_version=&#8221;4.6.6&#8243; custom_padding=&#8221;0px|||30px|false|false&#8221;][et_pb_text _builder_version=&#8221;4.6.6&#8243; text_font=&#8221;PT Serif|700|||||||&#8221; text_text_color=&#8221;#1c374c&#8221; text_font_size=&#8221;24px&#8221; text_line_height=&#8221;1em&#8221; text_font_size_tablet=&#8221;&#8221; text_font_size_phone=&#8221;18px&#8221; text_font_size_last_edited=&#8221;on|desktop&#8221;]<\/p>\n<blockquote>\n<p>Det er et spektrum<\/p>\n<\/blockquote>\n<p>[\/et_pb_text][et_pb_text _builder_version=&#8221;4.6.6&#8243; text_font=&#8221;PT Serif|700|||||||&#8221; text_text_color=&#8221;#1c374c&#8221; text_font_size=&#8221;32px&#8221; text_line_height=&#8221;1.3em&#8221; header_font=&#8221;PT Serif||||||||&#8221; header_text_color=&#8221;#111111&#8243; header_2_font=&#8221;Muli||||||||&#8221; custom_margin=&#8221;-5px||||false|false&#8221; custom_margin_tablet=&#8221;-18px||||false|false&#8221; custom_margin_phone=&#8221;-16px||||false|false&#8221; custom_margin_last_edited=&#8221;on|desktop&#8221; text_font_size_tablet=&#8221;&#8221; text_font_size_phone=&#8221;25px&#8221; text_font_size_last_edited=&#8221;on|desktop&#8221;]<\/p>\n<div class=\"column step-4-12\">\n<div id=\"site-container-57\" class=\"Container ModuleElement Textarea AutoResizable con-59 \" data-snap=\"1\" data-containertype=\"Textarea\" data-moduleelement=\"26\">\n<div class=\"Module-26 Textarea\">\n<h1>At finde det inderste jeg<\/h1>\n<\/div>\n<\/div>\n<\/div>\n<div class=\"column step-4-12\">\n<div id=\"site-container-79\" class=\"Container Placeholder con-45 \" data-snap=\"1\">\n<div class=\"row\">\n<div class=\"column step-4-12 step-5-6\">\n<div id=\"site-container-8\" class=\"Container Placeholder con-27 \" data-snap=\"1\">\n<div class=\"row\">\n<div class=\"column step-4-12\">\n<div id=\"site-container-33\" class=\"Container ModuleElement Textarea con-48 \" data-snap=\"1\" data-containertype=\"Textarea\" data-moduleelement=\"28\">\n<div class=\"Module-28 Textarea\"><\/div>\n<\/div>\n<\/div>\n<\/div>\n<\/div>\n<\/div>\n<\/div>\n<\/div>\n<\/div>\n<p>[\/et_pb_text][et_pb_text _builder_version=&#8221;4.6.6&#8243; text_font=&#8221;Muli||||||||&#8221; text_text_color=&#8221;#111111&#8243; text_line_height=&#8221;1.8em&#8221; link_font=&#8221;|700|||||||&#8221; link_text_color=&#8221;#1f4296&#8243; custom_margin=&#8221;24px||||false|false&#8221; custom_margin_tablet=&#8221;-10px||||false|false&#8221; custom_margin_phone=&#8221;-8px||||false|false&#8221; custom_margin_last_edited=&#8221;on|desktop&#8221;]<\/p>\n<div class=\"column step-4-12 step-5-6\">\n<div id=\"site-container-336\" class=\"Container Placeholder con-78 \" data-snap=\"1\">\n<div class=\"row\">\n<div class=\"column step-4-12\">\n<div id=\"site-container-339\" class=\"Container ModuleElement Textarea AutoResizable con-77 \" data-snap=\"1\" data-containertype=\"Textarea\" data-moduleelement=\"172\">\n<div class=\"Module-172 Textarea\">\n<p>\u200bRent teknisk teknisk kan konceptet beskrives som en Eksistentiel-Humanistisk retning med s\u00e6rlig fokus p\u00e5 det Transpersonelle.<\/p>\n<\/div>\n<\/div>\n<\/div>\n<\/div>\n<\/div>\n<\/div>\n<div class=\"column step-4-12 step-5-6\">\n<div id=\"site-container-337\" class=\"Container Placeholder con-78 \" data-snap=\"1\">\n<div class=\"row\">\n<div class=\"column step-4-12\">\n<div id=\"site-container-334\" class=\"Container ModuleElement Textarea con-76 \" data-snap=\"1\" data-containertype=\"Textarea\" data-moduleelement=\"173\">\n<div class=\"Module-173 Textarea\">\n<p>\u200bDet lyder umiddelbart som en stor mundfuld, men p\u00e5 almindelig dansk betyder det noget i retning af, at man arbejder ud fra en tese om, at det enkelte menneske kan og vil tage ansvar for sit liv (det er det eksistentielle) og at det samme menneske, bevidst eller ubevidst, b\u00e6rer de ressourcer inden i sig (det humanistiske), der med tiden kan bringe den p\u00e5g\u00e6ldende videre p\u00e5 den rejse mod sit &#8220;inderste jeg&#8221;, der i h\u00f8j grad relaterer sig til vores inderste kerne, essensen (det er det transpersonelle).<\/p>\n<p>\u200bNetop det at komme t\u00e6ttere p\u00e5 sit &#8220;sande jeg&#8221; eller &#8220;l\u00e6re sig selv at kende&#8221; er derfor en meget vigtig del af det arbejde, som vi besk\u00e6ftiger os med.<\/p>\n<p>\u200bBetegnelsen ID-Psykoterapeut er endvidere varem\u00e6rket for den terapeutuddannelse, der udbydes af ID-Danmark ved Ole Vadum Dahl, der er medlem af Dansk Psykoterapeutforening.\u200b<\/p>\n<\/div>\n<\/div>\n<\/div>\n<\/div>\n<\/div>\n<\/div>\n<p>[\/et_pb_text][\/et_pb_column][\/et_pb_row][\/et_pb_section]<\/p>\n","protected":false},"excerpt":{"rendered":"<p>ID-Psykoterapi Hvad er en ID-Psykoterapeut? \u200bID-Psykoterapi En ID-Psykoterapeut har gennemg\u00e5et en 4-\u00e5rig uddannelse p\u00e5 mindst 1824 lektioner. Uddannelsen er afsluttet med certificering (eksamen), hvori terapeuten skriftligt og mundtligt har dokumenteret sit standpunkt og faglige niveau. Certificeringsbeviset dokumenterer endvidere, at terapeuten lever op til de menneskelige og faglige krav, som Instituttet har opstillet. Undervejs i uddannelsen [&hellip;]<\/p>\n","protected":false},"author":1,"featured_media":0,"parent":0,"menu_order":0,"comment_status":"closed","ping_status":"closed","template":"","meta":{"_et_pb_use_builder":"on","_et_pb_old_content":"","_et_gb_content_width":"","footnotes":""},"class_list":["post-212751","page","type-page","status-publish","hentry"],"_links":{"self":[{"href":"https:\/\/amorsen.org\/index.php\/wp-json\/wp\/v2\/pages\/212751","targetHints":{"allow":["GET"]}}],"collection":[{"href":"https:\/\/amorsen.org\/index.php\/wp-json\/wp\/v2\/pages"}],"about":[{"href":"https:\/\/amorsen.org\/index.php\/wp-json\/wp\/v2\/types\/page"}],"author":[{"embeddable":true,"href":"https:\/\/amorsen.org\/index.php\/wp-json\/wp\/v2\/users\/1"}],"replies":[{"embeddable":true,"href":"https:\/\/amorsen.org\/index.php\/wp-json\/wp\/v2\/comments?post=212751"}],"version-history":[{"count":5,"href":"https:\/\/amorsen.org\/index.php\/wp-json\/wp\/v2\/pages\/212751\/revisions"}],"predecessor-version":[{"id":212974,"href":"https:\/\/amorsen.org\/index.php\/wp-json\/wp\/v2\/pages\/212751\/revisions\/212974"}],"wp:attachment":[{"href":"https:\/\/amorsen.org\/index.php\/wp-json\/wp\/v2\/media?parent=212751"}],"curies":[{"name":"wp","href":"https:\/\/api.w.org\/{rel}","templated":true}]}}